{"id":1316,"date":"2025-05-19T05:56:19","date_gmt":"2025-05-19T05:56:19","guid":{"rendered":"https:\/\/clinicajuridica.crazytest.ru\/?page_id=1316"},"modified":"2025-06-04T10:44:42","modified_gmt":"2025-06-04T10:44:42","slug":"despre-noi","status":"publish","type":"page","link":"https:\/\/justice4all.md\/en\/despre-noi\/","title":{"rendered":"About us"},"content":{"rendered":"<div data-elementor-type=\"wp-page\" data-elementor-id=\"1316\" class=\"elementor elementor-1316\" data-elementor-post-type=\"page\">\n\t\t\t\t<div class=\"elementor-element elementor-element-b5daa51 e-flex e-con-boxed e-con e-parent\" data-id=\"b5daa51\" data-element_type=\"container\" data-settings=\"{&quot;background_background&quot;:&quot;classic&quot;,&quot;background_motion_fx_motion_fx_scrolling&quot;:&quot;yes&quot;,&quot;background_motion_fx_translateY_effect&quot;:&quot;yes&quot;,&quot;background_motion_fx_translateY_speed&quot;:{&quot;unit&quot;:&quot;px&quot;,&quot;size&quot;:10,&quot;sizes&quot;:[]},&quot;background_motion_fx_translateY_affectedRange&quot;:{&quot;unit&quot;:&quot;%&quot;,&quot;size&quot;:&quot;&quot;,&quot;sizes&quot;:{&quot;start&quot;:0,&quot;end&quot;:100}},&quot;background_motion_fx_devices&quot;:[&quot;desktop&quot;,&quot;tablet&quot;,&quot;mobile_extra&quot;,&quot;mobile&quot;]}\">\n\t\t\t\t\t<div class=\"e-con-inner\">\n\t\t<div class=\"elementor-element elementor-element-3776f5d e-con-full e-flex e-con e-child\" data-id=\"3776f5d\" data-element_type=\"container\">\n\t\t<div class=\"elementor-element elementor-element-46ae0c1 e-con-full e-flex e-con e-child\" data-id=\"46ae0c1\" data-element_type=\"container\">\n\t\t\t\t<div class=\"elementor-element elementor-element-1c499c3 elementor-widget elementor-widget-heading\" data-id=\"1c499c3\" data-element_type=\"widget\" data-widget_type=\"heading.default\">\n\t\t\t\t<div class=\"elementor-widget-container\">\n\t\t\t\t\t<h1 class=\"elementor-heading-title elementor-size-default\">About Business Law Clinic<\/h1>\t\t\t\t<\/div>\n\t\t\t\t<\/div>\n\t\t\t\t<\/div>\n\t\t\t\t<div class=\"elementor-element elementor-element-821cac8 elementor-widget-divider--view-line elementor-invisible elementor-widget elementor-widget-divider\" data-id=\"821cac8\" data-element_type=\"widget\" data-settings=\"{&quot;_animation&quot;:&quot;fadeIn&quot;}\" data-widget_type=\"divider.default\">\n\t\t\t\t<div class=\"elementor-widget-container\">\n\t\t\t\t\t\t\t<div class=\"elementor-divider\">\n\t\t\t<span class=\"elementor-divider-separator\">\n\t\t\t\t\t\t<\/span>\n\t\t<\/div>\n\t\t\t\t\t\t<\/div>\n\t\t\t\t<\/div>\n\t\t<div class=\"elementor-element elementor-element-41fecfe e-con-full e-flex e-con e-child\" data-id=\"41fecfe\" data-element_type=\"container\">\n\t\t\t\t<div class=\"elementor-element elementor-element-29f51c5 elementor-widget__width-inherit elementor-widget elementor-widget-text-editor\" data-id=\"29f51c5\" data-element_type=\"widget\" data-widget_type=\"text-editor.default\">\n\t\t\t\t<div class=\"elementor-widget-container\">\n\t\t\t\t\t\t\t\t\t<p><span style=\"color: #000000;\">The ASEM Business Law Clinic represents the culmination of a project aimed at strengthening practical experiences within university legal clinics. This initiative was developed as part of a broader program, the Criminal Justice Reform and Corruption Combat Program, implemented by ABA ROLI with financial support from the U.S. Department of State.<\/span><\/p><p><span style=\"color: #000000;\">Founded following the approval of an ambitious project proposed by a group of academic staff from ASEM's Faculty of General Economics and Law in September 2022, the clinic was officially recognized and registered as an NGO in June 2023. The clinic operates under the auspices of the Academy of Economic Studies of Moldova, benefiting from logistical support provided by the university administration.<\/span><\/p><p><span style=\"color: #000000;\">\"To provide ASEM students in law and economics with a practical learning experience. By collaborating with professionals and academic staff, we aim to enhance students\u2019 skills in analysis, communication, and research. Through the legal clinic, we strive to deliver accessible and high-quality legal consultancy services, with a focus on business law as well as areas such as labor law, family law, housing law, inheritance, and other rights of vulnerable social groups.\"<\/span><\/p><p><strong><span style=\"color: #000000; font-size: 20px;\">Vision<\/span><\/strong><\/p><p><span style=\"color: #000000;\">\"To become leaders in legal education by bridging the gap between academic studies and professional practice. We aim to create an environment that empowers students to apply legal and economic knowledge in practical ways while promoting social justice.\"<\/span><\/p><p><strong><span style=\"color: #000000; font-size: 20px;\">Mission<\/span><\/strong><\/p><p><span style=\"color: #000000;\">The clinic's mission is to provide students with opportunities to apply their theoretical knowledge in practice while actively supporting the community by offering primary legal consultancy and promoting social justice. Guided by experienced legal experts, students develop essential skills such as analysis, communication, research, and teamwork in an interdisciplinary environment.<\/span><\/p><p><strong><span style=\"color: #000000; font-size: 20px;\">Objectives<\/span><\/strong><\/p><ul><li><span style=\"color: #000000;\">Providing Legal Assistance: We offer personalized primary legal consultancy to young entrepreneurs and individuals or groups unable to afford lawyers or law firms. In doing so, we contribute to reducing inequalities in access to justice for vulnerable categories.<\/span><\/li><li><span style=\"color: #000000;\">Promoting Innovation: We encourage innovative approaches to solving legal and business challenges, helping beneficiaries innovate and adapt.<\/span><\/li><li><span style=\"color: #000000;\">Skill Development: Our mission is to develop legal and business competencies. We provide students with the opportunity to apply theoretical knowledge gained in courses to real-life situations, enhancing skills such as case analysis, drafting legal documents, and client consultancy.<\/span><\/li><li><span style=\"color: #000000;\">Improving Understanding of Rights: Through consultancy, we educate the public about their legal rights and obligations.\n\nThe ASEM Business Law Clinic aspires to shape a new generation of professionals who are well-equipped to address the challenges of modern legal and business environments, while contributing to a fairer and more inclusive society.<\/span><\/li><\/ul>\t\t\t\t\t\t\t\t<\/div>\n\t\t\t\t<\/div>\n\t\t\t\t<\/div>\n\t\t<div class=\"elementor-element elementor-element-e253a0e e-con-full e-flex e-con e-child\" data-id=\"e253a0e\" data-element_type=\"container\">\n\t\t\t\t<div class=\"elementor-element elementor-element-94318bf elementor-widget elementor-widget-image\" data-id=\"94318bf\" data-element_type=\"widget\" data-widget_type=\"image.default\">\n\t\t\t\t<div class=\"elementor-widget-container\">\n\t\t\t\t\t\t\t\t\t\t\t\t\t\t\t<img fetchpriority=\"high\" decoding=\"async\" width=\"800\" height=\"600\" src=\"https:\/\/justice4all.md\/wp-content\/uploads\/2025\/01\/IMG_8422-1024x768.jpg\" class=\"attachment-large size-large wp-image-943\" alt=\"\" srcset=\"https:\/\/justice4all.md\/wp-content\/uploads\/2025\/01\/IMG_8422-1024x768.jpg 1024w, https:\/\/justice4all.md\/wp-content\/uploads\/2025\/01\/IMG_8422-300x225.jpg 300w, https:\/\/justice4all.md\/wp-content\/uploads\/2025\/01\/IMG_8422-768x576.jpg 768w, https:\/\/justice4all.md\/wp-content\/uploads\/2025\/01\/IMG_8422-16x12.jpg 16w, https:\/\/justice4all.md\/wp-content\/uploads\/2025\/01\/IMG_8422.jpg 1216w\" sizes=\"(max-width: 800px) 100vw, 800px\" \/>\t\t\t\t\t\t\t\t\t\t\t\t\t\t\t<\/div>\n\t\t\t\t<\/div>\n\t\t\t\t<\/div>\n\t\t\t\t<\/div>\n\t\t\t\t\t<\/div>\n\t\t\t\t<\/div>\n\t\t\t\t<\/div>","protected":false},"excerpt":{"rendered":"<p>Despre Clinica Juridic\u0103 Clinica Juridic\u0103 de Consultan\u021b\u0103 \u00een Afaceri ASEM reprezint\u0103 punctul culminant al unui proiect menit s\u0103 consolideze experien\u021bele practice \u00een cadrul clinicilor juridice universitare. Aceast\u0103 ini\u021biativ\u0103 a luat [&hellip;]<\/p>","protected":false},"author":1,"featured_media":0,"parent":0,"menu_order":0,"comment_status":"closed","ping_status":"closed","template":"elementor_header_footer","meta":{"_EventAllDay":false,"_EventTimezone":"","_EventStartDate":"","_EventEndDate":"","_EventStartDateUTC":"","_EventEndDateUTC":"","_EventShowMap":false,"_EventShowMapLink":false,"_EventURL":"","_EventCost":"","_EventCostDescription":"","_EventCurrencySymbol":"","_EventCurrencyCode":"","_EventCurrencyPosition":"","_EventDateTimeSeparator":"","_EventTimeRangeSeparator":"","_EventOrganizerID":[],"_EventVenueID":[],"_OrganizerEmail":"","_OrganizerPhone":"","_OrganizerWebsite":"","_VenueAddress":"","_VenueCity":"","_VenueCountry":"","_VenueProvince":"","_VenueState":"","_VenueZip":"","_VenuePhone":"","_VenueURL":"","_VenueStateProvince":"","_VenueLat":"","_VenueLng":"","_VenueShowMap":false,"_VenueShowMapLink":false,"footnotes":""},"class_list":["post-1316","page","type-page","status-publish","hentry"],"_links":{"self":[{"href":"https:\/\/justice4all.md\/en\/wp-json\/wp\/v2\/pages\/1316","targetHints":{"allow":["GET"]}}],"collection":[{"href":"https:\/\/justice4all.md\/en\/wp-json\/wp\/v2\/pages"}],"about":[{"href":"https:\/\/justice4all.md\/en\/wp-json\/wp\/v2\/types\/page"}],"author":[{"embeddable":true,"href":"https:\/\/justice4all.md\/en\/wp-json\/wp\/v2\/users\/1"}],"replies":[{"embeddable":true,"href":"https:\/\/justice4all.md\/en\/wp-json\/wp\/v2\/comments?post=1316"}],"version-history":[{"count":9,"href":"https:\/\/justice4all.md\/en\/wp-json\/wp\/v2\/pages\/1316\/revisions"}],"predecessor-version":[{"id":2601,"href":"https:\/\/justice4all.md\/en\/wp-json\/wp\/v2\/pages\/1316\/revisions\/2601"}],"wp:attachment":[{"href":"https:\/\/justice4all.md\/en\/wp-json\/wp\/v2\/media?parent=1316"}],"curies":[{"name":"wp","href":"https:\/\/api.w.org\/{rel}","templated":true}]}}