{"id":1316,"date":"2025-05-19T05:56:19","date_gmt":"2025-05-19T05:56:19","guid":{"rendered":"https:\/\/clinicajuridica.crazytest.ru\/?page_id=1316"},"modified":"2025-06-04T10:44:42","modified_gmt":"2025-06-04T10:44:42","slug":"despre-noi","status":"publish","type":"page","link":"https:\/\/justice4all.md\/ro\/despre-noi\/","title":{"rendered":"Despre noi"},"content":{"rendered":"\t\t<div data-elementor-type=\"wp-page\" data-elementor-id=\"1316\" class=\"elementor elementor-1316\" data-elementor-post-type=\"page\">\n\t\t\t\t<div class=\"elementor-element elementor-element-b5daa51 e-flex e-con-boxed e-con e-parent\" data-id=\"b5daa51\" data-element_type=\"container\" data-settings=\"{&quot;background_background&quot;:&quot;classic&quot;,&quot;background_motion_fx_motion_fx_scrolling&quot;:&quot;yes&quot;,&quot;background_motion_fx_translateY_effect&quot;:&quot;yes&quot;,&quot;background_motion_fx_translateY_speed&quot;:{&quot;unit&quot;:&quot;px&quot;,&quot;size&quot;:10,&quot;sizes&quot;:[]},&quot;background_motion_fx_translateY_affectedRange&quot;:{&quot;unit&quot;:&quot;%&quot;,&quot;size&quot;:&quot;&quot;,&quot;sizes&quot;:{&quot;start&quot;:0,&quot;end&quot;:100}},&quot;background_motion_fx_devices&quot;:[&quot;desktop&quot;,&quot;tablet&quot;,&quot;mobile_extra&quot;,&quot;mobile&quot;]}\">\n\t\t\t\t\t<div class=\"e-con-inner\">\n\t\t<div class=\"elementor-element elementor-element-3776f5d e-con-full e-flex e-con e-child\" data-id=\"3776f5d\" data-element_type=\"container\">\n\t\t<div class=\"elementor-element elementor-element-46ae0c1 e-con-full e-flex e-con e-child\" data-id=\"46ae0c1\" data-element_type=\"container\">\n\t\t\t\t<div class=\"elementor-element elementor-element-1c499c3 elementor-widget elementor-widget-heading\" data-id=\"1c499c3\" data-element_type=\"widget\" data-widget_type=\"heading.default\">\n\t\t\t\t<div class=\"elementor-widget-container\">\n\t\t\t\t\t<h1 class=\"elementor-heading-title elementor-size-default\">Despre Clinica Juridic\u0103<\/h1>\t\t\t\t<\/div>\n\t\t\t\t<\/div>\n\t\t\t\t<\/div>\n\t\t\t\t<div class=\"elementor-element elementor-element-821cac8 elementor-widget-divider--view-line elementor-invisible elementor-widget elementor-widget-divider\" data-id=\"821cac8\" data-element_type=\"widget\" data-settings=\"{&quot;_animation&quot;:&quot;fadeIn&quot;}\" data-widget_type=\"divider.default\">\n\t\t\t\t<div class=\"elementor-widget-container\">\n\t\t\t\t\t\t\t<div class=\"elementor-divider\">\n\t\t\t<span class=\"elementor-divider-separator\">\n\t\t\t\t\t\t<\/span>\n\t\t<\/div>\n\t\t\t\t\t\t<\/div>\n\t\t\t\t<\/div>\n\t\t<div class=\"elementor-element elementor-element-41fecfe e-con-full e-flex e-con e-child\" data-id=\"41fecfe\" data-element_type=\"container\">\n\t\t\t\t<div class=\"elementor-element elementor-element-29f51c5 elementor-widget__width-inherit elementor-widget elementor-widget-text-editor\" data-id=\"29f51c5\" data-element_type=\"widget\" data-widget_type=\"text-editor.default\">\n\t\t\t\t<div class=\"elementor-widget-container\">\n\t\t\t\t\t\t\t\t\t<p><span style=\"color: #000000;\">Clinica Juridic\u0103 de Consultan\u021b\u0103 \u00een Afaceri ASEM reprezint\u0103 punctul culminant al unui proiect menit s\u0103 consolideze experien\u021bele practice \u00een cadrul clinicilor juridice universitare. Aceast\u0103 ini\u021biativ\u0103 a luat na\u0219tere cu suportul unui program mai amplu, Programul de Sus\u021binere a Reformei \u00een Justi\u021bie Penal\u0103 \u0219i Combatere a Corup\u021biei, implementat de ABA ROLI cu sprijinul financiar al Departamentului de Stat al SUA.<\/span><\/p><p><span style=\"color: #000000;\">Fondat\u0103 \u00een urma aprob\u0103rii unui proiect ambi\u021bios propus de c\u0103tre un grup de cadre universitare din cadrul Facult\u0103\u021bii de Economie General\u0103 \u0219i Drept al ASEM \u00een septembrie 2022, clinica a fost oficial recunoscut\u0103 \u0219i \u00eenregistrat\u0103 ca Asocia\u021bie Ob\u0219teasc\u0103 \u00een iunie 2023. Clinica opereaz\u0103 sub egida Academiei de Studii Economice a Republicii Moldova, beneficiind de sprijin logistic din partea administra\u021biei institu\u021biei.<\/span><\/p><p><span style=\"color: #000000;\">Misiunea clinicii este de a oferi studen\u021bilor \u0219ansa de a aplica \u00een mod practic cuno\u0219tin\u021bele teoretice acumulate, \u00een timp ce se implic\u0103 activ \u00een sprijinirea comunit\u0103\u021bii prin oferirea de consultan\u021b\u0103 juridic\u0103 primar\u0103 \u0219i promovarea justi\u021biei sociale. Studen\u021bii, sub coordonarea unor exper\u021bi juridici cu experien\u021b\u0103, dob\u00e2ndesc abilit\u0103\u021bi critice precum analiza, comunicarea, cercetarea \u0219i munca \u00eentr-o echip\u0103 interdisciplinar\u0103.<\/span><\/p><p><strong><span style=\"color: #000000; font-size: 20px;\">Viziune:<\/span><\/strong><\/p><p><span style=\"color: #000000;\">&#8222;S\u0103 devenim lideri \u00een educa\u021bia juridic\u0103, reduc\u00e2nd decalajul dintre studii academice \u0219i practic\u0103 profesional\u0103. Ne dorim s\u0103 cre\u0103m un mediu care s\u0103 \u00eemputerniceasc\u0103 studen\u021bii s\u0103 aplice cuno\u0219tin\u021bele juridice \u0219i economice \u00een mod practic, promov\u00e2nd totodat\u0103 justi\u021bia social\u0103.&#8221;<\/span><\/p><p><strong><span style=\"color: #000000; font-size: 20px;\">Misiune:<\/span><\/strong><\/p><p><span style=\"color: #000000;\">&#8222;S\u0103 oferim o experien\u021b\u0103 de \u00eenv\u0103\u021bare practico-aplicativ\u0103 studen\u021bilor ASEM din domeniul dreptului \u0219i economiei. Colabor\u00e2nd cu profesioni\u0219ti \u0219i cadre didactice, ne propunem s\u0103 \u00eembun\u0103t\u0103\u021bim abilit\u0103\u021bile de analiz\u0103, comunicare \u0219i cercetare ale studen\u021bilor. Prin intermediul clinicii juridice, dorim s\u0103 oferim servicii de consultan\u021b\u0103 juridic\u0103 accesibile \u0219i de \u00eenalt\u0103 calitate, cu un accent special pe sectorul afacerilor, dar \u0219i domenii precum dreptul muncii, dreptul familiei, dreptul locativ, succesiunea \u0219i alte drepturi ale categoriilor social-vulnerabile.&#8221;<\/span><\/p><p><strong><span style=\"color: #000000; font-size: 20px;\">Obiective:<\/span><\/strong><\/p><ul><li><span style=\"color: #000000;\">Furnizarea de Asisten\u021b\u0103 Juridic\u0103 Oferim consultan\u021b\u0103 juridic\u0103 primar\u0103 personalizat\u0103 pentru tinerii antreprenori, precum \u0219i persoanelor sau grupurilor care nu \u00ee\u0219i permit s\u0103 pl\u0103teasc\u0103 pentru avoca\u021bi sau firme de avocatur\u0103. \u00cen acest mod contribuim la reducerea inegalit\u0103\u021bilor \u00een accesul la justi\u021bie pentru categoriile vulnerabile.<\/span><\/li><li><span style=\"color: #000000;\">Promovarea Inova\u021biei \u00cencuraj\u0103m abord\u0103ri inovatoare \u00een solu\u021bionarea problemelor juridice \u0219i de afaceri, ajut\u00e2nd beneficiarii s\u0103 inoveze \u0219i s\u0103 se adapteze.<\/span><\/li><li><span style=\"color: #000000;\">Dezvoltarea de Competen\u021be Misiunea noastr\u0103 este de a dezvolta competen\u021be \u00een domeniul juridic \u0219i de afaceri, oferim oportunitatea studen\u021bilor s\u0103 aplice cuno\u0219tin\u021bele teoretice dob\u00e2ndite la cursuri \u00een situa\u021bii reale, dezvolt\u00e2nd abilit\u0103\u021bi precum analiza cazurilor, redactarea documentelor juridice \u0219i consultan\u021ba clien\u021bilor.<\/span><\/li><li><span style=\"color: #000000;\">\u00cembun\u0103t\u0103\u021birea \u00een\u021belegerii drepturilor: Prin consiliere, educ\u0103m publicul cu privire la drepturile \u0219i obliga\u021biile lor legale.<\/span><\/li><\/ul>\t\t\t\t\t\t\t\t<\/div>\n\t\t\t\t<\/div>\n\t\t\t\t<\/div>\n\t\t<div class=\"elementor-element elementor-element-e253a0e e-con-full e-flex e-con e-child\" data-id=\"e253a0e\" data-element_type=\"container\">\n\t\t\t\t<div class=\"elementor-element elementor-element-94318bf elementor-widget elementor-widget-image\" data-id=\"94318bf\" data-element_type=\"widget\" data-widget_type=\"image.default\">\n\t\t\t\t<div class=\"elementor-widget-container\">\n\t\t\t\t\t\t\t\t\t\t\t\t\t\t\t<img fetchpriority=\"high\" decoding=\"async\" width=\"800\" height=\"600\" src=\"https:\/\/justice4all.md\/wp-content\/uploads\/2025\/01\/IMG_8422-1024x768.jpg\" class=\"attachment-large size-large wp-image-943\" alt=\"\" srcset=\"https:\/\/justice4all.md\/wp-content\/uploads\/2025\/01\/IMG_8422-1024x768.jpg 1024w, https:\/\/justice4all.md\/wp-content\/uploads\/2025\/01\/IMG_8422-300x225.jpg 300w, https:\/\/justice4all.md\/wp-content\/uploads\/2025\/01\/IMG_8422-768x576.jpg 768w, https:\/\/justice4all.md\/wp-content\/uploads\/2025\/01\/IMG_8422-16x12.jpg 16w, https:\/\/justice4all.md\/wp-content\/uploads\/2025\/01\/IMG_8422.jpg 1216w\" sizes=\"(max-width: 800px) 100vw, 800px\" \/>\t\t\t\t\t\t\t\t\t\t\t\t\t\t\t<\/div>\n\t\t\t\t<\/div>\n\t\t\t\t<\/div>\n\t\t\t\t<\/div>\n\t\t\t\t\t<\/div>\n\t\t\t\t<\/div>\n\t\t\t\t<\/div>\n\t\t","protected":false},"excerpt":{"rendered":"<p>Despre Clinica Juridic\u0103 Clinica Juridic\u0103 de Consultan\u021b\u0103 \u00een Afaceri ASEM reprezint\u0103 punctul culminant al unui proiect menit s\u0103 consolideze experien\u021bele practice \u00een cadrul clinicilor juridice universitare. Aceast\u0103 ini\u021biativ\u0103 a luat [&hellip;]<\/p>\n","protected":false},"author":1,"featured_media":0,"parent":0,"menu_order":0,"comment_status":"closed","ping_status":"closed","template":"elementor_header_footer","meta":{"_EventAllDay":false,"_EventTimezone":"","_EventStartDate":"","_EventEndDate":"","_EventStartDateUTC":"","_EventEndDateUTC":"","_EventShowMap":false,"_EventShowMapLink":false,"_EventURL":"","_EventCost":"","_EventCostDescription":"","_EventCurrencySymbol":"","_EventCurrencyCode":"","_EventCurrencyPosition":"","_EventDateTimeSeparator":"","_EventTimeRangeSeparator":"","_EventOrganizerID":[],"_EventVenueID":[],"_OrganizerEmail":"","_OrganizerPhone":"","_OrganizerWebsite":"","_VenueAddress":"","_VenueCity":"","_VenueCountry":"","_VenueProvince":"","_VenueState":"","_VenueZip":"","_VenuePhone":"","_VenueURL":"","_VenueStateProvince":"","_VenueLat":"","_VenueLng":"","_VenueShowMap":false,"_VenueShowMapLink":false,"footnotes":""},"class_list":["post-1316","page","type-page","status-publish","hentry"],"_links":{"self":[{"href":"https:\/\/justice4all.md\/ro\/wp-json\/wp\/v2\/pages\/1316","targetHints":{"allow":["GET"]}}],"collection":[{"href":"https:\/\/justice4all.md\/ro\/wp-json\/wp\/v2\/pages"}],"about":[{"href":"https:\/\/justice4all.md\/ro\/wp-json\/wp\/v2\/types\/page"}],"author":[{"embeddable":true,"href":"https:\/\/justice4all.md\/ro\/wp-json\/wp\/v2\/users\/1"}],"replies":[{"embeddable":true,"href":"https:\/\/justice4all.md\/ro\/wp-json\/wp\/v2\/comments?post=1316"}],"version-history":[{"count":9,"href":"https:\/\/justice4all.md\/ro\/wp-json\/wp\/v2\/pages\/1316\/revisions"}],"predecessor-version":[{"id":2601,"href":"https:\/\/justice4all.md\/ro\/wp-json\/wp\/v2\/pages\/1316\/revisions\/2601"}],"wp:attachment":[{"href":"https:\/\/justice4all.md\/ro\/wp-json\/wp\/v2\/media?parent=1316"}],"curies":[{"name":"wp","href":"https:\/\/api.w.org\/{rel}","templated":true}]}}